{"id":98,"date":"2025-04-13T16:01:01","date_gmt":"2025-04-13T16:01:01","guid":{"rendered":"https:\/\/ciscenje-mary.hr\/?page_id=98"},"modified":"2025-04-13T16:01:01","modified_gmt":"2025-04-13T16:01:01","slug":"ciscenje-nakon-gradevinskih-radova","status":"publish","type":"page","link":"https:\/\/ciscenje-mary.hr\/?page_id=98","title":{"rendered":"\u010cI\u0160\u0106ENJE NAKON GRA\u0110EVINSKIH RADOVA"},"content":{"rendered":"","protected":false},"excerpt":{"rendered":"","protected":false},"author":1,"featured_media":0,"parent":14,"menu_order":0,"comment_status":"closed","ping_status":"closed","template":"","meta":{"footnotes":""},"class_list":["post-98","page","type-page","status-publish","hentry"],"_links":{"self":[{"href":"https:\/\/ciscenje-mary.hr\/index.php?rest_route=\/wp\/v2\/pages\/98","targetHints":{"allow":["GET"]}}],"collection":[{"href":"https:\/\/ciscenje-mary.hr\/index.php?rest_route=\/wp\/v2\/pages"}],"about":[{"href":"https:\/\/ciscenje-mary.hr\/index.php?rest_route=\/wp\/v2\/types\/page"}],"author":[{"embeddable":true,"href":"https:\/\/ciscenje-mary.hr\/index.php?rest_route=\/wp\/v2\/users\/1"}],"replies":[{"embeddable":true,"href":"https:\/\/ciscenje-mary.hr\/index.php?rest_route=%2Fwp%2Fv2%2Fcomments&post=98"}],"version-history":[{"count":1,"href":"https:\/\/ciscenje-mary.hr\/index.php?rest_route=\/wp\/v2\/pages\/98\/revisions"}],"predecessor-version":[{"id":99,"href":"https:\/\/ciscenje-mary.hr\/index.php?rest_route=\/wp\/v2\/pages\/98\/revisions\/99"}],"up":[{"embeddable":true,"href":"https:\/\/ciscenje-mary.hr\/index.php?rest_route=\/wp\/v2\/pages\/14"}],"wp:attachment":[{"href":"https:\/\/ciscenje-mary.hr\/index.php?rest_route=%2Fwp%2Fv2%2Fmedia&parent=98"}],"curies":[{"name":"wp","href":"https:\/\/api.w.org\/{rel}","templated":true}]}}