{"id":86,"date":"2025-04-13T15:58:37","date_gmt":"2025-04-13T15:58:37","guid":{"rendered":"https:\/\/ciscenje-mary.hr\/?page_id=86"},"modified":"2025-04-13T15:58:38","modified_gmt":"2025-04-13T15:58:38","slug":"ciscenje-vozila","status":"publish","type":"page","link":"https:\/\/ciscenje-mary.hr\/?page_id=86","title":{"rendered":"\u010cI\u0160\u0106ENJE VOZILA"},"content":{"rendered":"","protected":false},"excerpt":{"rendered":"","protected":false},"author":1,"featured_media":0,"parent":0,"menu_order":0,"comment_status":"closed","ping_status":"closed","template":"","meta":{"footnotes":""},"class_list":["post-86","page","type-page","status-publish","hentry"],"_links":{"self":[{"href":"https:\/\/ciscenje-mary.hr\/index.php?rest_route=\/wp\/v2\/pages\/86","targetHints":{"allow":["GET"]}}],"collection":[{"href":"https:\/\/ciscenje-mary.hr\/index.php?rest_route=\/wp\/v2\/pages"}],"about":[{"href":"https:\/\/ciscenje-mary.hr\/index.php?rest_route=\/wp\/v2\/types\/page"}],"author":[{"embeddable":true,"href":"https:\/\/ciscenje-mary.hr\/index.php?rest_route=\/wp\/v2\/users\/1"}],"replies":[{"embeddable":true,"href":"https:\/\/ciscenje-mary.hr\/index.php?rest_route=%2Fwp%2Fv2%2Fcomments&post=86"}],"version-history":[{"count":1,"href":"https:\/\/ciscenje-mary.hr\/index.php?rest_route=\/wp\/v2\/pages\/86\/revisions"}],"predecessor-version":[{"id":88,"href":"https:\/\/ciscenje-mary.hr\/index.php?rest_route=\/wp\/v2\/pages\/86\/revisions\/88"}],"wp:attachment":[{"href":"https:\/\/ciscenje-mary.hr\/index.php?rest_route=%2Fwp%2Fv2%2Fmedia&parent=86"}],"curies":[{"name":"wp","href":"https:\/\/api.w.org\/{rel}","templated":true}]}}