{"id":20,"date":"2024-04-25T05:48:13","date_gmt":"2024-04-25T05:48:13","guid":{"rendered":"https:\/\/ciscenje-mary.hr\/?page_id=20"},"modified":"2024-06-29T07:31:15","modified_gmt":"2024-06-29T07:31:15","slug":"pocetna","status":"publish","type":"page","link":"https:\/\/ciscenje-mary.hr\/","title":{"rendered":"PO\u010cETNA"},"content":{"rendered":"\n<p>Obrt za \u010di\u0161\u0107enje Mary je specijalizirani obrt koji nudi usluge \u010di\u0161\u0107enja na podru\u010dju grada Zagreba i okolice.<\/p>\n\n\n\n<p>Nudimo ekolo\u0161ko \u010di\u0161\u0107enje suhom parom, te dubinsko kemijsko \u010di\u0161\u0107enje namje\u0161taja (tepiha, kutne garniture, sjedala automobila i mnogo toga).<\/p>\n\n\n\n<p>Nudimo detaljnu i kvalitetnu uslugu \u010di\u0161\u0107enja ureda, stubi\u0161ta, stanova, ku\u0107a i \u010di\u0161\u0107enja nakon radova.<\/p>\n\n\n\n<p><\/p>\n\n\n\n<p>Kako je \u010disto\u0107a pola zdravlja, na\u0161 vrijedan tim pobrinut \u0107e se da va\u0161 ured, automobil, namje\u0161taj ili pak oku\u0107nica potpuno zablistaju. Tako \u0107emo vam pomo\u0107i da budete sretni i zdravi. Zavirite u \u0161iroku paletu na\u0161ih usluga te odaberite one po svojoj mjeri. Tu smo za vas, obratite nam se s povjerenjem!<\/p>\n","protected":false},"excerpt":{"rendered":"<p>Obrt za \u010di\u0161\u0107enje Mary je specijalizirani obrt koji nudi usluge \u010di\u0161\u0107enja na podru\u010dju grada Zagreba i okolice. Nudimo ekolo\u0161ko \u010di\u0161\u0107enje suhom parom, te dubinsko kemijsko \u010di\u0161\u0107enje namje\u0161taja (tepiha, kutne garniture, sjedala automobila i mnogo toga). Nudimo detaljnu i kvalitetnu uslugu \u010di\u0161\u0107enja ureda, stubi\u0161ta, stanova, ku\u0107a i \u010di\u0161\u0107enja nakon radova. Kako je \u010disto\u0107a pola zdravlja, na\u0161 &hellip;<br \/><a href=\"https:\/\/ciscenje-mary.hr\/\" class=\"more-link pen_button pen_element_default pen_icon_arrow_double\">Nastavite \u010ditati <span class=\"screen-reader-text\">PO\u010cETNA<\/span><\/a><\/p>\n","protected":false},"author":1,"featured_media":0,"parent":0,"menu_order":0,"comment_status":"closed","ping_status":"closed","template":"","meta":{"footnotes":""},"class_list":["post-20","page","type-page","status-publish","hentry"],"_links":{"self":[{"href":"https:\/\/ciscenje-mary.hr\/index.php?rest_route=\/wp\/v2\/pages\/20","targetHints":{"allow":["GET"]}}],"collection":[{"href":"https:\/\/ciscenje-mary.hr\/index.php?rest_route=\/wp\/v2\/pages"}],"about":[{"href":"https:\/\/ciscenje-mary.hr\/index.php?rest_route=\/wp\/v2\/types\/page"}],"author":[{"embeddable":true,"href":"https:\/\/ciscenje-mary.hr\/index.php?rest_route=\/wp\/v2\/users\/1"}],"replies":[{"embeddable":true,"href":"https:\/\/ciscenje-mary.hr\/index.php?rest_route=%2Fwp%2Fv2%2Fcomments&post=20"}],"version-history":[{"count":3,"href":"https:\/\/ciscenje-mary.hr\/index.php?rest_route=\/wp\/v2\/pages\/20\/revisions"}],"predecessor-version":[{"id":55,"href":"https:\/\/ciscenje-mary.hr\/index.php?rest_route=\/wp\/v2\/pages\/20\/revisions\/55"}],"wp:attachment":[{"href":"https:\/\/ciscenje-mary.hr\/index.php?rest_route=%2Fwp%2Fv2%2Fmedia&parent=20"}],"curies":[{"name":"wp","href":"https:\/\/api.w.org\/{rel}","templated":true}]}}