{"id":16,"date":"2024-04-25T05:46:41","date_gmt":"2024-04-25T05:46:41","guid":{"rendered":"https:\/\/ciscenje-mary.hr\/?page_id=16"},"modified":"2025-04-13T15:19:27","modified_gmt":"2025-04-13T15:19:27","slug":"cjenik","status":"publish","type":"page","link":"https:\/\/ciscenje-mary.hr\/?page_id=16","title":{"rendered":"CJENIK"},"content":{"rendered":"\n<p>Obrt nije u sustavu PDV-a. Mogu\u010dnost izdavanja R1 ra\u010duna. Mogu\u010dnost pla\u0107anja gotovinom i karticama beskontaktno.<\/p>\n\n\n\n<p><strong><em>UKOLIKO JE PROSTOR JAKO ZAPU\u0160TEN ZADR\u017dAVAMO PRAVO PROMJENE CIJENE.<\/em><\/strong><\/p>\n\n\n\n<h2 class=\"wp-block-heading\">DUBINSKO \u010cI\u0160\u0106ENJE NAMJE\u0160TAJA<\/h2>\n\n\n\n<figure class=\"wp-block-table\"><table><tbody><tr><td>STOLICA<\/td><td>7,00 \u20ac<\/td><\/tr><tr><td>STOLICA &#8211; KO\u017dA<\/td><td>10,00 \u20ac<\/td><\/tr><tr><td>TABURE<\/td><td>10,00 \u20ac<\/td><\/tr><tr><td>TABURE &#8211; KO\u017dA<\/td><td>15,00 \u20ac<\/td><\/tr><tr><td>FOTELJA<\/td><td>15,00 \u20ac<\/td><\/tr><tr><td>FOTELJA &#8211; KO\u017dA<\/td><td>20,00 \u20ac<\/td><\/tr><tr><td>DVOSJED<\/td><td>35,00 \u20ac<\/td><\/tr><tr><td>DVOSJED &#8211; KO\u017dA<\/td><td>40,00 \u20ac<\/td><\/tr><tr><td>TROSJED<\/td><td>40,00 \u20ac<\/td><\/tr><tr><td>TROSJED &#8211; KO\u017dA<\/td><td>50,00 \u20ac<\/td><\/tr><tr><td>KUTNA GARNITURA<\/td><td>50,00 \u20ac<\/td><\/tr><tr><td>KUTNA GARNITURA &#8211; KO\u017dA<\/td><td>80,00 \u20ac<\/td><\/tr><tr><td>IZVU\u010cENI LE\u017dAJ<\/td><td>10,00 \u20ac<\/td><\/tr><tr><td>JASTUK<\/td><td>5,00 \u20ac<\/td><\/tr><tr><td>MADRAC SOLO<\/td><td>25,00 \u20ac<\/td><\/tr><tr><td>MADRAC SOLO &#8211; obostrano<\/td><td>33,00 \u20ac<\/td><\/tr><tr><td>MADRAC BRA\u010cNI<\/td><td>40,00 \u20ac<\/td><\/tr><tr><td>MADRAC BRA\u010cNI &#8211; obostrano<\/td><td>46,00 \u20ac<\/td><\/tr><tr><td>MADRAC DJE\u010cJI<\/td><td>20,00 \u20ac<\/td><\/tr><tr><td>MADRAC DJE\u010cJI &#8211; obostrano<\/td><td>26,00 \u20ac<\/td><\/tr><tr><td>TEPIH po m<sup>2<\/sup><\/td><td>5,00 \u20ac<\/td><\/tr><tr><td>TAPISON po m<sup>2<\/sup><\/td><td>3,50 \u20ac<\/td><\/tr><tr><td>SEPARE po m<\/td><td>15,00 \u20ac<\/td><\/tr><\/tbody><\/table><\/figure>\n\n\n\n<h2 class=\"wp-block-heading\">VOZILA<\/h2>\n\n\n\n<figure class=\"wp-block-table\"><table><tbody><tr><td>AUTOMOBIL &#8211; SJEDALA + TEPISI<\/td><td>80,00 \u20ac<\/td><\/tr><tr><td>AUTOMOBIL &#8211; SJEDALA + TEPISI &#8211; KO\u017dA<\/td><td>100,00 \u20ac<\/td><\/tr><tr><td>DJE\u010cJA SJEDALICA<\/td><td>20,00 \u20ac<\/td><\/tr><tr><td>AUTOBUS &#8211; SJEDALA + TEPISI &#8211; po sjedalu<\/td><td>15,00 \u20ac<\/td><\/tr><\/tbody><\/table><\/figure>\n\n\n\n<h2 class=\"wp-block-heading\">REDOVITO \u010cI\u0160\u0106ENJE STANOVA\/KU\u0106A<\/h2>\n\n\n\n<figure class=\"wp-block-table\"><table><tbody><tr><td>do 50 m<sup>2<\/sup> &#8211; po m<sup>2<\/sup><\/td><td>2,00 \u20ac<\/td><\/tr><tr><td>do 100 m<sup>2<\/sup> &#8211; po m<sup>2<\/sup><\/td><td>1,50 \u20ac<\/td><\/tr><tr><td>do 150 m<sup>2<\/sup> &#8211; po m<sup>2<\/sup><\/td><td>1,30 \u20ac<\/td><\/tr><tr><td>200 m<sup>2<\/sup> i vi\u0161e<\/td><td>1,00 \u20ac<\/td><\/tr><\/tbody><\/table><\/figure>\n\n\n\n<h2 class=\"wp-block-heading\">\u010cI\u0160\u0106ENJE POSLOVNIH PROSTORA<\/h2>\n\n\n\n<figure class=\"wp-block-table\"><table><tbody><tr><td>GENERALNO \u010cI\u0160\u0106ENJE po m<sup>2<\/sup><\/td><td>8,00 \u20ac<\/td><\/tr><tr><td>REDOVITO \u010cI\u0160\u0106ENJE 5x tjedno po m<sup>2<\/sup> &#8211; mjese\u010dno<\/td><td>6,00 \u20ac<\/td><\/tr><tr><td>REDOVITO \u010cI\u0160\u0106ENJE 3x tjedno po m<sup>2<\/sup> &#8211; mjese\u010dno<\/td><td>5,00 \u20ac<\/td><\/tr><tr><td>REDOVITO \u010cI\u0160\u0106ENJE 2x tjedno po m<sup>2<\/sup> &#8211; mjese\u010dno<\/td><td>4,00 \u20ac<\/td><\/tr><tr><td>REDOVITO \u010cI\u0160\u0106ENJE 1x tjedno po m<sup>2<\/sup> &#8211; mjese\u010dno<\/td><td>3,00 \u20ac<\/td><\/tr><\/tbody><\/table><\/figure>\n\n\n\n<h2 class=\"wp-block-heading\">OSTALO \u010cI\u0160\u0106ENJE<\/h2>\n\n\n\n<figure class=\"wp-block-table\"><table><tbody><tr><td>PROZORI, STAKLENE STIJENE I IZLOZI po m<sup>2<\/sup><\/td><td>3,00 \u20ac<\/td><\/tr><tr><td>STUBI\u0160TA STAMBENIH ZGRADA po stanu<\/td><td>4,00 \u20ac<\/td><\/tr><tr><td>\u010cI\u0160\u0106ENJE NAKON GRA\u0110EVINSKIH RADOVA po m<sup>2<\/sup><\/td><td>7,00 &#8211; 10,00 \u20ac<\/td><\/tr><tr><td>\u010cI\u0160\u0106ENJE PE\u0106NICE IZVANA I IZNUTRA<\/td><td>30,00 \u20ac<\/td><\/tr><tr><td>\u0106I\u0160\u0106ENJE FRI\u017dIDERA IZVANA I IZNUTRA<\/td><td>25,00 \u20ac<\/td><\/tr><tr><td>\u010cI\u0160\u0106ENJE RADIJATORA<\/td><td>10,00 \u20ac<\/td><\/tr><tr><td>GENERALNO \u010cI\u0160\u0106ENJE STANOVA\/KU\u0106A<\/td><td>4,50 \u20ac<\/td><\/tr><\/tbody><\/table><\/figure>\n","protected":false},"excerpt":{"rendered":"<p>Obrt nije u sustavu PDV-a. Mogu\u010dnost izdavanja R1 ra\u010duna. Mogu\u010dnost pla\u0107anja gotovinom i karticama beskontaktno. UKOLIKO JE PROSTOR JAKO ZAPU\u0160TEN ZADR\u017dAVAMO PRAVO PROMJENE CIJENE. DUBINSKO \u010cI\u0160\u0106ENJE NAMJE\u0160TAJA STOLICA 7,00 \u20ac STOLICA &#8211; KO\u017dA 10,00 \u20ac TABURE 10,00 \u20ac TABURE &#8211; KO\u017dA 15,00 \u20ac FOTELJA 15,00 \u20ac FOTELJA &#8211; KO\u017dA 20,00 \u20ac DVOSJED 35,00 \u20ac DVOSJED &hellip;<br \/><a href=\"https:\/\/ciscenje-mary.hr\/?page_id=16\" class=\"more-link pen_button pen_element_default pen_icon_arrow_double\">Nastavite \u010ditati <span class=\"screen-reader-text\">CJENIK<\/span><\/a><\/p>\n","protected":false},"author":1,"featured_media":0,"parent":0,"menu_order":0,"comment_status":"closed","ping_status":"closed","template":"","meta":{"footnotes":""},"class_list":["post-16","page","type-page","status-publish","hentry"],"_links":{"self":[{"href":"https:\/\/ciscenje-mary.hr\/index.php?rest_route=\/wp\/v2\/pages\/16","targetHints":{"allow":["GET"]}}],"collection":[{"href":"https:\/\/ciscenje-mary.hr\/index.php?rest_route=\/wp\/v2\/pages"}],"about":[{"href":"https:\/\/ciscenje-mary.hr\/index.php?rest_route=\/wp\/v2\/types\/page"}],"author":[{"embeddable":true,"href":"https:\/\/ciscenje-mary.hr\/index.php?rest_route=\/wp\/v2\/users\/1"}],"replies":[{"embeddable":true,"href":"https:\/\/ciscenje-mary.hr\/index.php?rest_route=%2Fwp%2Fv2%2Fcomments&post=16"}],"version-history":[{"count":7,"href":"https:\/\/ciscenje-mary.hr\/index.php?rest_route=\/wp\/v2\/pages\/16\/revisions"}],"predecessor-version":[{"id":72,"href":"https:\/\/ciscenje-mary.hr\/index.php?rest_route=\/wp\/v2\/pages\/16\/revisions\/72"}],"wp:attachment":[{"href":"https:\/\/ciscenje-mary.hr\/index.php?rest_route=%2Fwp%2Fv2%2Fmedia&parent=16"}],"curies":[{"name":"wp","href":"https:\/\/api.w.org\/{rel}","templated":true}]}}