{"id":14,"date":"2024-04-25T05:46:12","date_gmt":"2024-04-25T05:46:12","guid":{"rendered":"https:\/\/ciscenje-mary.hr\/?page_id=14"},"modified":"2025-04-13T15:27:47","modified_gmt":"2025-04-13T15:27:47","slug":"usluge","status":"publish","type":"page","link":"https:\/\/ciscenje-mary.hr\/?page_id=14","title":{"rendered":"USLUGE"},"content":{"rendered":"\n<p>DUBINSKO \u010cI\u0160\u0106ENJE<\/p>\n\n\n\n<p>\u010cI\u0160\u0106ENJE VOZILA<\/p>\n\n\n\n<p>\u010cI\u0160\u0106ENJE STANOVA\/KU\u0106A<\/p>\n\n\n\n<p>\u010cI\u0160\u0106ENJE POSLOVNIH PROSTORA<\/p>\n\n\n\n<p>PROZORI, STAKLENE STIJENE I IZLOZI<\/p>\n\n\n\n<p>STUBI\u0160TA STAMBENIH ZGRADA<\/p>\n\n\n\n<p>\u010cI\u0160\u0106ENJE NAKON GRA\u0110EVINSKIH RADOVA<\/p>\n\n\n\n<p>\u010cI\u0160\u0106ENJE PE\u010cNICE<\/p>\n\n\n\n<p>\u010cI\u0160\u0106ENJE FRI\u017dIDERA<\/p>\n\n\n\n<p>\u010cI\u0160\u0106ENJE RADIJATORA<\/p>\n\n\n\n<p><\/p>\n","protected":false},"excerpt":{"rendered":"<p>DUBINSKO \u010cI\u0160\u0106ENJE \u010cI\u0160\u0106ENJE VOZILA \u010cI\u0160\u0106ENJE STANOVA\/KU\u0106A \u010cI\u0160\u0106ENJE POSLOVNIH PROSTORA PROZORI, STAKLENE STIJENE I IZLOZI STUBI\u0160TA STAMBENIH ZGRADA \u010cI\u0160\u0106ENJE NAKON GRA\u0110EVINSKIH RADOVA \u010cI\u0160\u0106ENJE PE\u010cNICE \u010cI\u0160\u0106ENJE FRI\u017dIDERA \u010cI\u0160\u0106ENJE RADIJATORA<\/p>\n","protected":false},"author":1,"featured_media":0,"parent":0,"menu_order":0,"comment_status":"closed","ping_status":"closed","template":"","meta":{"footnotes":""},"class_list":["post-14","page","type-page","status-publish","hentry"],"_links":{"self":[{"href":"https:\/\/ciscenje-mary.hr\/index.php?rest_route=\/wp\/v2\/pages\/14","targetHints":{"allow":["GET"]}}],"collection":[{"href":"https:\/\/ciscenje-mary.hr\/index.php?rest_route=\/wp\/v2\/pages"}],"about":[{"href":"https:\/\/ciscenje-mary.hr\/index.php?rest_route=\/wp\/v2\/types\/page"}],"author":[{"embeddable":true,"href":"https:\/\/ciscenje-mary.hr\/index.php?rest_route=\/wp\/v2\/users\/1"}],"replies":[{"embeddable":true,"href":"https:\/\/ciscenje-mary.hr\/index.php?rest_route=%2Fwp%2Fv2%2Fcomments&post=14"}],"version-history":[{"count":4,"href":"https:\/\/ciscenje-mary.hr\/index.php?rest_route=\/wp\/v2\/pages\/14\/revisions"}],"predecessor-version":[{"id":75,"href":"https:\/\/ciscenje-mary.hr\/index.php?rest_route=\/wp\/v2\/pages\/14\/revisions\/75"}],"wp:attachment":[{"href":"https:\/\/ciscenje-mary.hr\/index.php?rest_route=%2Fwp%2Fv2%2Fmedia&parent=14"}],"curies":[{"name":"wp","href":"https:\/\/api.w.org\/{rel}","templated":true}]}}