{"id":102,"date":"2025-04-13T16:01:35","date_gmt":"2025-04-13T16:01:35","guid":{"rendered":"https:\/\/ciscenje-mary.hr\/?page_id=102"},"modified":"2025-04-13T16:01:35","modified_gmt":"2025-04-13T16:01:35","slug":"ciscenje-frizidera","status":"publish","type":"page","link":"https:\/\/ciscenje-mary.hr\/?page_id=102","title":{"rendered":"\u010cI\u0160\u0106ENJE FRI\u017dIDERA"},"content":{"rendered":"","protected":false},"excerpt":{"rendered":"","protected":false},"author":1,"featured_media":0,"parent":14,"menu_order":0,"comment_status":"closed","ping_status":"closed","template":"","meta":{"footnotes":""},"class_list":["post-102","page","type-page","status-publish","hentry"],"_links":{"self":[{"href":"https:\/\/ciscenje-mary.hr\/index.php?rest_route=\/wp\/v2\/pages\/102","targetHints":{"allow":["GET"]}}],"collection":[{"href":"https:\/\/ciscenje-mary.hr\/index.php?rest_route=\/wp\/v2\/pages"}],"about":[{"href":"https:\/\/ciscenje-mary.hr\/index.php?rest_route=\/wp\/v2\/types\/page"}],"author":[{"embeddable":true,"href":"https:\/\/ciscenje-mary.hr\/index.php?rest_route=\/wp\/v2\/users\/1"}],"replies":[{"embeddable":true,"href":"https:\/\/ciscenje-mary.hr\/index.php?rest_route=%2Fwp%2Fv2%2Fcomments&post=102"}],"version-history":[{"count":1,"href":"https:\/\/ciscenje-mary.hr\/index.php?rest_route=\/wp\/v2\/pages\/102\/revisions"}],"predecessor-version":[{"id":103,"href":"https:\/\/ciscenje-mary.hr\/index.php?rest_route=\/wp\/v2\/pages\/102\/revisions\/103"}],"up":[{"embeddable":true,"href":"https:\/\/ciscenje-mary.hr\/index.php?rest_route=\/wp\/v2\/pages\/14"}],"wp:attachment":[{"href":"https:\/\/ciscenje-mary.hr\/index.php?rest_route=%2Fwp%2Fv2%2Fmedia&parent=102"}],"curies":[{"name":"wp","href":"https:\/\/api.w.org\/{rel}","templated":true}]}}